{"id":1261,"date":"2024-05-03T11:00:29","date_gmt":"2024-05-03T14:00:29","guid":{"rendered":"https:\/\/www.alcortashopping.com.ar\/?page_id=1261"},"modified":"2026-04-13T11:01:45","modified_gmt":"2026-04-13T14:01:45","slug":"wish-box-terminos-y-condiciones","status":"publish","type":"page","link":"https:\/\/www.alcortashopping.com.ar\/wish-box-terminos-y-condiciones\/","title":{"rendered":"Wish box terminos y condiciones"},"content":{"rendered":"\t\t<div data-elementor-type=\"wp-page\" data-elementor-id=\"1261\" class=\"elementor elementor-1261\" data-elementor-post-type=\"page\">\n\t\t\t\t<div class=\"elementor-element elementor-element-737d7a5 e-flex e-con-boxed e-con e-parent\" data-id=\"737d7a5\" data-element_type=\"container\" data-settings=\"{&quot;background_background&quot;:&quot;classic&quot;}\">\n\t\t\t\t\t<div class=\"e-con-inner\">\n\t\t\t\t<div class=\"elementor-element elementor-element-bd61bc9 elementor-widget-tablet__width-initial elementor-widget__width-initial elementor-widget elementor-widget-text-editor\" data-id=\"bd61bc9\" data-element_type=\"widget\" data-widget_type=\"text-editor.default\">\n\t\t\t\t<div class=\"elementor-widget-container\">\n\t\t\t\t\t\t\t\t\t<h1 style=\"text-align: left;\"><span style=\"color: #000000;\"><strong>ALCORTA<\/strong><\/span><\/h1><h1 style=\"text-align: left;\"><span style=\"color: #000000;\"><strong>COLLECTION<\/strong><\/span><\/h1><h1 style=\"text-align: left;\"><span style=\"color: #000000;\"><strong>BY WISH BOX<\/strong><\/span><\/h1>\t\t\t\t\t\t\t\t<\/div>\n\t\t\t\t<\/div>\n\t\t\t\t<div class=\"elementor-element elementor-element-4d7d34a elementor-widget-tablet__width-initial elementor-widget elementor-widget-text-editor\" data-id=\"4d7d34a\" data-element_type=\"widget\" data-widget_type=\"text-editor.default\">\n\t\t\t\t<div class=\"elementor-widget-container\">\n\t\t\t\t\t\t\t\t\t<h5><span style=\"color: #000000;\">Particip\u00e1 por un total look de Las Pepas.<\/span><\/h5><p><span style=\"color: #000000;\">Carg\u00e1 tus facturas en \u00a1appa! y ya est\u00e1s participando.\u00a0<\/span><\/p>\t\t\t\t\t\t\t\t<\/div>\n\t\t\t\t<\/div>\n\t\t\t\t\t<\/div>\n\t\t\t\t<\/div>\n\t\t<div class=\"elementor-element elementor-element-e26c19a e-flex e-con-boxed e-con e-parent\" data-id=\"e26c19a\" data-element_type=\"container\">\n\t\t\t\t\t<div class=\"e-con-inner\">\n\t\t\t\t<div class=\"elementor-element elementor-element-37ce32c elementor-widget elementor-widget-text-editor\" data-id=\"37ce32c\" data-element_type=\"widget\" data-widget_type=\"text-editor.default\">\n\t\t\t\t<div class=\"elementor-widget-container\">\n\t\t\t\t\t\t\t\t\t<p style=\"text-align: center;\"><span style=\"text-decoration: underline;\"><strong>LEGALES WISH BOX LAS PEPAS<\/strong><\/span><\/p><p style=\"text-align: center;\">LEGALES WISH BOX PROMOCI\u00d3N SIN OBLIGACI\u00d3N DE COMPRA V\u00c1LIDA DEL 01\/04\/2026 HASTA EL 30\/04\/2026 EN ALCORTA SHOPPING (SALGUERO 3172, CABA) PARA USUARIOS MAYORES DE 18 A\u00d1OS REGISTRADOS EN LA APLICACI\u00d3N \u00a1APPA! LA PROMOCI\u00d3N CONSISTIR\u00c1 EN ACUMULAR LA MAYOR CANTIDAD DE \u201cWISHES\u201d DURANTE LA VIGENCIA DE LA MISMA. LOS USUARIOS<br \/>\u00a1APPA! QUE CARGUEN UNA FACTURA Y\/O TICKET DE COMPRA DE CUALQUIERA DE LOS LOCALES\/STANDS DEL SHOPPING SUMAR\u00c1N 1 WISH POR CADA PESO $1 QUE SURJA DEL MONTO FINAL DE LA FACTURA O TICKET DE COMPRA. EN EL CASO QUE LA COMPRA SEA REALIZADA EN EL LOCAL DE LAS PEPAS, SE SUMAR\u00c1N 2 WISHES POR CADA PESO $1 QUE SURJA DEL MONTO FINAL DE LA MISMA. NO PARTICIPAN FACTURAS DE CARREFOUR Y MEGATLON. SE REQUIERE TENER ACUMULADO M\u00cdNIMO 3 FACTURAS Y EN EL TOTAL SUMAR COMO M\u00cdNIMO $2.000.000 PARA PARTICIPAR EN LA ACCION DE WISHBOX. EL 4\/05\/2026 A LAS 12:00HS EN ALCORTA SHOPPING Y ANTE LA PRESENCIA DE UN ESCRIBANO P\u00daBLICO SE REALIZAR\u00c1 EL RECUENTO DE LOS WISHES DE TODOS LOS PARTICIPANTES A FIN DE CONFECCIONAR UN LISTADO CON EL PUNTAJE DE CADA PARTICIPANTE. RESULTAR\u00c1 GANADOR DE LA PROMOCI\u00d3N AQUEL PARTICIPANTE QUE HUBIERA OBTENIDO EL MAYOR PUNTAJE. NO PODR\u00c1N SER<br \/>GANADORES PERSONAS QUE YA GANARON EN OTRAS EDICIONES DE ALCORTA WISH BOX. CONSULTE CONDICIONES DE LA PROMOCI\u00d3N Y DETALLE DE LOS PREMIOS EN LAS BASES Y CONDICIONES QUE SE ENCONTRAR\u00c1N DISPONIBLES EN WWW.ALCORTASHOPPING.COM.AR IRSA INVERSIONES Y REPRESENTACIONES SOCIEDAD AN\u00d3NIMA CON DOMICILIO EN LA CALLE CARLOS M. DELLA PAOLERA 261, PISO 8, CIUDAD DE BUENOS AIRES, CUIT 3052532274-9.<\/p><p style=\"text-align: center;\"><span style=\"text-decoration: underline;\"><strong>T\u00e9rminos y Condiciones:<\/strong><\/span><br \/><span style=\"text-decoration: underline;\"><strong>\u201cPromoci\u00f3n WISH BOX ALCORTA\u201d<\/strong><\/span><\/p><p style=\"text-align: center;\">IRSA INVERSIONES Y REPRESENTACIONES SOCIEDAD ANONIMA, CUIT 30-52532274-9, con domicilio en Carlos Della Paolera 261, piso 9, de la Ciudad Aut\u00f3noma de Buenos Aires (en adelante el \u201cOrganizador\u201d) es el organizador de la presente Promoci\u00f3n sin obligaci\u00f3n de compra denominada \u201cWish Box Alcorta\u201d (en adelante la \u201cPromoci\u00f3n\u201d) que se regir\u00e1 por las estipulaciones y condiciones que a continuaci\u00f3n se detallan (en adelante las \u201cBases\u201d). Las personas intervinientes en la misma, por su sola participaci\u00f3n, aceptan de pleno derecho todas y cada una de las disposiciones descriptas en estas Bases, as\u00ed como las decisiones adoptadas<br \/>por el Organizador sobre cualquier cuesti\u00f3n no prevista en las mismas.<\/p><p style=\"text-align: center;\">1. VIGENCIA: La Promoci\u00f3n se llevar\u00e1 a cabo desde el 01\/04\/2026 hasta el 30\/04\/2026, ambas fechas inclusive (en adelante el \u201cPlazo de Vigencia\u201d) en el centro comercial Alcorta Shopping sito en la calle Jer\u00f3nimo Salguero 3172 de la Ciudad Aut\u00f3noma de Buenos Aires (en adelante el \u201cShopping\u201d).<br \/>2. PARTICIPANTES: Podr\u00e1n participar de la Promoci\u00f3n aquellas personas f\u00edsicas, mayores de 18 a\u00f1os, que residan en la Rep\u00fablica Argentina, que sean usuarios de la aplicaci\u00f3n \u00a1appa! y que carguen en la aplicaci\u00f3n \u00a1appa! como m\u00ednimo tres (3) facturas de compra efectuadas en alguno de los locales\/stands del Shopping conforme a los requisitos detallados en el punto 4 y que en total sumen como m\u00ednimo pesos dos millones ($2.000.000) (en adelante los \u201cParticipantes\u201d). Se podr\u00e1 solicitar documento nacional de identidad para acreditar la mayor\u00eda de edad.<br \/>3. MEC\u00c1NICA DE LA PROMOCI\u00d3N: El objetivo de la Promoci\u00f3n ser\u00e1 acumular la mayor cantidad de \u201cdeseos\u201d durante el Plazo de Vigencia de la misma. Cada Participante sumar\u00e1 un (1) wish por cada un peso ($1.-) que surja del monto final de la factura y\/o ticket habilitado conforme a los requisitos establecidos en el punto siguiente. Para ello, al momento de efectuar la compra, el Participante deber\u00e1 escanear el c\u00f3digo QR del local\/stand con la aplicaci\u00f3n \u00a1appa! o cargar en la secci\u00f3n \u201cBeneficios\u201d de la aplicaci\u00f3n los datos y\/o factura y\/o ticket a fin de que se proceda a cargar los puntos correspondientes. Solo se podr\u00e1n cargar \u201cfacturas y\/o tickets de compra habilitados que correspondan a compras realizadas exclusivamente por \u00e9ste. No se podr\u00e1 cargar una misma factura en m\u00e1s de 1 ocasi\u00f3n. En caso de que la compra sea efectuada en el local de LAS PEPAS entre el 01\/04\/2026 hasta el 30\/04\/2025 se acreditar\u00e1n dos (2) wishes por cada un peso ($1.-) que surja del monto final de la \u201cfactura o ticket de compra habilitado\u201d. Se deber\u00e1 cargar como m\u00ednimo tres (3) facturas de compra efectuadas en locales\/stands del Shopping y que entre ellas sumen como m\u00ednimo la suma de pesos dos millones ($2.000.000) para comenzar a participar.<br \/>4. FACTURAS Y\/O TICKETS ADMITIDOS: Son facturas o tickets de compra habilitados para participar de esta Promoci\u00f3n aqu\u00e9llos que re\u00fanan simult\u00e1neamente las caracter\u00edsticas que se establecen a continuaci\u00f3n:<br \/>a) Que hayan sido emitidos por alguno de los locales\/stands ubicados en el Shopping. No participan facturas de Carrefour y Megatlon.<\/p><p style=\"text-align: center;\">b) Que sean emitidas durante la vigencia de la Promoci\u00f3n. Se requiere tener<br \/>acumulado m\u00ednimo tres (3) facturas y en el total sumar como m\u00ednimo $2.000.000 para participar en la Wish Box.<br \/>c) Que, al momento de su emisi\u00f3n, el cliente haya escaneado el c\u00f3digo QR del<br \/>local\/stand adherido a trav\u00e9s de la aplicaci\u00f3n APPA o ingresado los datos de la misma a trav\u00e9s de la secci\u00f3n Beneficios.<br \/>5. PROMOCI\u00d3N SIN OBLIGACI\u00d3N DE COMPRA: Aquellas personas que deseen participar sin presentar la factura y\/o ticket de compra, podr\u00e1n hacerlo presentando en la administraci\u00f3n del Shopping, en el horario de 14:00 a 16:00 horas, un dibujo coloreado del logo del Shopping, indicando al dorso su nombre, apellido, tipo y n\u00famero de documento, direcci\u00f3n de correo electr\u00f3nico y tel\u00e9fono y obtendr\u00e1n una (1) Wish para participar de la Promoci\u00f3n. Tambi\u00e9n deber\u00e1n seguir todas las redes de Alcorta Shopping. Se podr\u00e1 participar una vez por persona y por d\u00eda mediante este sistema.<br \/>6. ASIGNACI\u00d3N DE LOS GANADORES: el d\u00eda 04\/05\/2026 a las 12:00hs. en la<br \/>Administraci\u00f3n del Shopping y ante la presencia de un escribano p\u00fablico se realizar\u00e1 el recuento de los deseos de todos aquellos Participantes de la Promoci\u00f3n que cumplan con los requisitos estipulados en los puntos 2, 3 y 4 a fin de confeccionar un listado con el puntaje de cada participante.<br \/>Ser\u00e1 considerado ganador de la Promoci\u00f3n el (|) participante que hubiera obtenido la mayor cantidad de wishes, siempre que re\u00fanan las dem\u00e1s condiciones previstas en las presentes Bases (En adelante los \u201cGanador\u201d). No podr\u00e1n ser ganadoras personas que ya ganaron en otras ediciones de Wish Box.<br \/>7. BENEFFICIOS: el Ganador ser\u00e1 adjudicatorio de los siguientes premios (en adelante los \u201cPremios\u201d):<br \/>Wish Box look by LAS PEPAS:<br \/>&#8211; CAMPERA GILLIAN CRUSH<br \/>&#8211; SWEATER MINNELLI<br \/>&#8211; PANTAL\u00d3N FELIZ<br \/>&#8211; VINCHA LOLA<br \/>Los Premios ser\u00e1n para uso personal del Ganador y no podr\u00e1n ser transferidos. El<br \/>Organizador no asume responsabilidad alguna por el uso o destino dado al Premio. Los costos asociados a la adjudicaci\u00f3n\/utilizaci\u00f3n del Premio quedar\u00e1n a cargo exclusivo del Ganador y\/o su acompa\u00f1ante, as\u00ed como tambi\u00e9n cualquier impuesto, tasa o contribuci\u00f3n que grave la Promoci\u00f3n y se devengue mediante la entrega del Premio. Para el caso de que el Ganador desee cambiar las prendas por otro talle, modelo o color se tomar\u00e1 el precio de la prenda sin customizar. El Ganador tendr\u00e1 un mes, contado de recibida la prenda, para realizar el cambio.<br \/>Para el caso de que el Ganador no utilice el Premio, una vez adjudicado el mismo y<br \/>cualquiera fuere la causa, quedar\u00e1 cancelado autom\u00e1ticamente y no existir\u00e1<br \/>responsabilidad econ\u00f3mica ni de ninguna otra \u00edndole por parte del Organizador.<\/p><p style=\"text-align: center;\">8. NOTIFICACI\u00d3N DE LOS GANADORES: El potencial participante ganador de la Promoci\u00f3n ser\u00e1 notificado mediante correo electr\u00f3nico dentro de los siete (7) d\u00edas h\u00e1biles de la realizaci\u00f3n del recuento de los puntos seg\u00fan lo referido en estas Bases. Los potenciales ganadores deber\u00e1n presentarse antes del 22\/05\/2025 en la administraci\u00f3n del Shopping a los efectos de exhibir las facturas y\/o tickets de compra habilitados con los que sum\u00f3 puntos durante la Promoci\u00f3n a fin de que el Organizador proceda a verificar que condicen con los que hubieran cargado y con lo establecido en las presentes Bases, y de corresponder, hacer efectiva la adjudicaci\u00f3n y la entrega de los Premios. Una vez transcurrido dicho plazo, los potenciales ganadores perder\u00e1 todo derecho a los Premios y los mismos quedar\u00e1n en poder del Organizador. El Organizador se reserva las facultades de analizar los tickets y\/o facturas para constar que los mismos corresponden a gastos o<br \/>consumos realizados efectivamente por el potencial ganador, conforme lo solicitado en el Punto 4, de manera de evitar posibles irregularidades, maniobras y\/o acciones fraudulentas que tengan por objetivo modificar el resultado de la Promoci\u00f3n. En virtud de ello, el Organizador se reserva el derecho, a\u00fan en esta instancia, de descalificar a aquellos participantes que realicen dichas acciones.<br \/>Como prerrequisito para la adjudicaci\u00f3n del Premio, el participante potencial ganador deber\u00e1 contestar correctamente una pregunta de inter\u00e9s general y de contestarla correctamente, en dicho momento se le entregar\u00e1 el Premio siendo condici\u00f3n para la entrega del Premio, que en ocasi\u00f3n de retirar el mismo, el ganador: acredite su identidad, ser mayor de 18 a\u00f1os (presentando su documento de identidad a tal fin), y suscriba la constancia de recepci\u00f3n del Premio. De contestarse incorrectamente dicha pregunta el potencial ganador perder\u00e1 todo derecho al Premio y el mismo quedar\u00e1 en poder del Organizador.<br \/>9. RESPONSABILIDAD: El Organizador no ser\u00e1 responsable por los da\u00f1os y perjuicios que pudiera sufrir los Ganadores en sus personas o bienes, con motivo o en ocasi\u00f3n de la participaci\u00f3n y\/o retiro del Premio y\/o utilizaci\u00f3n del mismo. Las personas que intervengan en esta Promoci\u00f3n, por su sola participaci\u00f3n aceptar\u00e1n de pleno derecho todas y cada una de las disposiciones previstas en las presentes Bases.<\/p><p style=\"text-align: center;\">Al recibir el Premio, el Ganador lo acepta sin que exista ninguna otra obligaci\u00f3n por parte del Organizador. El Ganador conviene en liberar y eximir de toda responsabilidad al Organizador, as\u00ed como a sus respectivos empleados y directivos y a cualquier otra persona directamente involucrada en la Promoci\u00f3n, de toda responsabilidad que en cualquier forma pueda surgir directa o indirectamente de su participaci\u00f3n en la Promoci\u00f3n y\/o de la aceptaci\u00f3n y\/o utilizaci\u00f3n de los Premios.<br \/>10. DATOS PERSONALES: En caso de solicitarse datos personales con motivo de la presente Promoci\u00f3n, los mismos podr\u00e1n ser almacenados en una base de datos de titularidad de IRSA INVERSIONES Y REPRESENTACIONES SOCIEDAD ANONIMA., la cual podr\u00e1 ser\u00e1 utilizada por ella o sus sociedades vinculadas o vinculantes a los fines del env\u00edo de material publicitario y promocional por cualquier medio que considere conveniente, incluyendo medios gr\u00e1ficos o de impresi\u00f3n, o el env\u00edo de correo electr\u00f3nico, ellos siempre y cuando el participante preste el consentimiento respectivo en los t\u00e9rminos de la Ley 25.326 y sus normas modificatorias y complementarias, suscribiendo la documentaci\u00f3n correspondiente.<\/p><p style=\"text-align: center;\">El Organizador se reserva el derecho de difundir el nombre y\/o im\u00e1genes de los<br \/>Participantes por los medios y formas de comunicaci\u00f3n que crea conveniente, por el t\u00e9rmino de un (1) a\u00f1o y sin obligaci\u00f3n de realizar compensaci\u00f3n alguna. Con la sola participaci\u00f3n en la presente Promoci\u00f3n, los Participantes prestan su expresa conformidad para la utilizaci\u00f3n y difusi\u00f3n de sus nombres, tipo y nro. de documento e im\u00e1genes (foto y video) por los medios publicitarios y de comunicaci\u00f3n que el Organizador disponga. La presente autorizaci\u00f3n es realizada en los t\u00e9rminos del art. 53 del C\u00f3digo Civil y Comercial de la Naci\u00f3n, del art\u00edculo 11 del Pacto de San Jos\u00e9 de Costa Rica, del art. 31 de la Ley N\u00b0 11.723, del art. 3 inc. h) de la ley N\u00b0 22.362 y toda otra normativa concordante. En virtud de esta autorizaci\u00f3n, los Participantes no tendr\u00e1n derecho a indemnizaci\u00f3n, pago o<br \/>contraprestaci\u00f3n alguna por la difusi\u00f3n y\/o utilizaci\u00f3n mencionada precedentemente.<\/p><p style=\"text-align: center;\">El titular de los datos personales tiene la facultad de ejercer el derecho de acceso a los mismos en forma gratuita a intervalos no inferiores a seis (6) meses, salvo que se acredite un inter\u00e9s leg\u00edtimo al efecto conforme lo establecido en el art\u00edculo 14, inciso 3 de la Ley N\u00b0 25.326. Asimismo, el titular de los datos tiene el derecho a rectificar sus datos, si los mismos fueran err\u00f3neos o inexactos, y de solicitar la supresi\u00f3n de los mismos, salvo que una norma legal, una obligaci\u00f3n contractual u otra raz\u00f3n obligara o permitiera al responsable de la base de datos conservarlos. Podr\u00e1 hacerlo enviando un mail a clientes@irsacp.com.ar y\/o presentando una carta con dicha solicitud en Carlos Della Paolera 261, piso 8, de la Ciudad Aut\u00f3noma de Buenos Aires.<br \/>La AGENCIA DE ACCESO A LA INFORMACI\u00d3N P\u00daBLICA, en su car\u00e1cter de \u00d3rgano de Control de la Ley N\u00b0 25.326, tiene la atribuci\u00f3n de atender las denuncias y reclamos que interpongan quienes resulten afectados en sus derechos por incumplimiento de las normas vigentes en materia de protecci\u00f3n de datos personales.\u201d<br \/>11. FACULTADES DEL ORGANIZADOR: El Organizador podr\u00e1, a su s\u00f3lo criterio modificar la duraci\u00f3n de la Promoci\u00f3n y los Premios por otros de id\u00e9nticas caracter\u00edsticas y valores o introducir modificaciones a cualquiera de los puntos enunciados dando, en su caso, la debida comunicaci\u00f3n y publicidad y llevando a cabo de corresponder, los procedimientos legales necesarios. El Organizador podr\u00e1 suspender o modificar total o parcialmente las presentes Bases y Condiciones cuando se presenten situaciones no imputables al Organizador, sin que ello genere derecho a compensaci\u00f3n alguna a favor de los Participantes. El Organizador ser\u00e1 el \u00fanico que tendr\u00e1 facultad de decisi\u00f3n respecto de toda situaci\u00f3n no prevista en estas Bases y las resoluciones que adopte al respecto ser\u00e1n definitivas e inapelables.<br \/>12. IMPEDIMENTOS PARA PARTICIPAR DE LA PROMOCI\u00d3N: No podr\u00e1n participar en esta Promoci\u00f3n aquellas personas menores de dieciocho (18) a\u00f1os a la fecha de inicio del plazo de vigencia de la Promoci\u00f3n ni quienes tengan su domicilio fuera de la Rep\u00fablica Argentina, los empleados del Organizador, los locatarios y empleados de los locales y\/o g\u00f3ndolas comerciales ubicados en el Shopping, los de las agencias de publicidad relacionada con la Promoci\u00f3n, ni sus correspondientes familiares en primer grado de consanguinidad, en todos los casos con relaci\u00f3n laboral vigente a la fecha de inicio de la Promoci\u00f3n.<br \/>13. COMPETENCIA- JURISDICCI\u00d3N: Toda relaci\u00f3n que en virtud de la Promoci\u00f3n se genere entre el Usuario y el Organizador ser\u00e1 regida y concertada en total sujeci\u00f3n a las leyes de la Rep\u00fablica Argentina, renunciando el Usuario a cualquier otra ley a cuya aplicaci\u00f3n pudiera tener derecho. Asimismo, resultar\u00e1n competentes para dirimir cualquier controversia o procedimiento legal que surja entre el Organizador y el Usuario, los Tribunales Comerciales de la Ciudad de Buenos Aires, cualquiera sea la causa de la acci\u00f3n o el reclamo, con renuncia expresa por parte suya a cualquier otra jurisdicci\u00f3n que pudiera corresponderle.<\/p>\t\t\t\t\t\t\t\t<\/div>\n\t\t\t\t<\/div>\n\t\t\t\t\t<\/div>\n\t\t\t\t<\/div>\n\t\t<div class=\"elementor-element elementor-element-95e7c97 e-flex e-con-boxed e-con e-parent\" data-id=\"95e7c97\" data-element_type=\"container\">\n\t\t\t\t\t<div class=\"e-con-inner\">\n\t\t\t\t<div class=\"elementor-element elementor-element-7ea7fbf elementor-widget elementor-widget-shortcode\" data-id=\"7ea7fbf\" data-element_type=\"widget\" data-widget_type=\"shortcode.default\">\n\t\t\t\t<div class=\"elementor-widget-container\">\n\t\t\t\t\t\t\t<div class=\"elementor-shortcode\"><!-- START Botmaker WebChat-->\n<script>\n    (function () {\n        let js = document.createElement('script');\n        js.type = 'text\/javascript';\n        js.async = 1;\n        js.src = 'https:\/\/go.botmaker.com\/rest\/webchat\/p\/AlcortaShopping\/init.js';\n        document.body.appendChild(js);\n    })();\n<\/script>\n<!-- END Botmaker WebChat-->\n<\/div>\n\t\t\t\t\t\t<\/div>\n\t\t\t\t<\/div>\n\t\t\t\t\t<\/div>\n\t\t\t\t<\/div>\n\t\t\t\t<\/div>\n\t\t","protected":false},"excerpt":{"rendered":"<p>ALCORTA COLLECTION BY WISH BOX Particip\u00e1 por un total look de Las Pepas. Carg\u00e1 tus facturas en \u00a1appa! y ya est\u00e1s participando.\u00a0 LEGALES WISH BOX LAS PEPAS LEGALES WISH BOX PROMOCI\u00d3N SIN OBLIGACI\u00d3N DE COMPRA V\u00c1LIDA DEL 01\/04\/2026 HASTA EL 30\/04\/2026 EN ALCORTA SHOPPING (SALGUERO 3172, CABA) PARA USUARIOS MAYORES DE 18 A\u00d1OS REGISTRADOS EN [&hellip;]<\/p>\n","protected":false},"author":1,"featured_media":0,"parent":0,"menu_order":0,"comment_status":"closed","ping_status":"closed","template":"elementor_header_footer","meta":{"_acf_changed":false,"footnotes":""},"class_list":["post-1261","page","type-page","status-publish","hentry"],"acf":[],"_links":{"self":[{"href":"https:\/\/www.alcortashopping.com.ar\/wp-json\/wp\/v2\/pages\/1261","targetHints":{"allow":["GET"]}}],"collection":[{"href":"https:\/\/www.alcortashopping.com.ar\/wp-json\/wp\/v2\/pages"}],"about":[{"href":"https:\/\/www.alcortashopping.com.ar\/wp-json\/wp\/v2\/types\/page"}],"author":[{"embeddable":true,"href":"https:\/\/www.alcortashopping.com.ar\/wp-json\/wp\/v2\/users\/1"}],"replies":[{"embeddable":true,"href":"https:\/\/www.alcortashopping.com.ar\/wp-json\/wp\/v2\/comments?post=1261"}],"version-history":[{"count":46,"href":"https:\/\/www.alcortashopping.com.ar\/wp-json\/wp\/v2\/pages\/1261\/revisions"}],"predecessor-version":[{"id":2704,"href":"https:\/\/www.alcortashopping.com.ar\/wp-json\/wp\/v2\/pages\/1261\/revisions\/2704"}],"wp:attachment":[{"href":"https:\/\/www.alcortashopping.com.ar\/wp-json\/wp\/v2\/media?parent=1261"}],"curies":[{"name":"wp","href":"https:\/\/api.w.org\/{rel}","templated":true}]}}